{"id":9556,"date":"2025-10-03T16:49:14","date_gmt":"2025-10-03T14:49:14","guid":{"rendered":"https:\/\/klassefueralle.uni-ak.ac.at\/?page_id=9556"},"modified":"2025-10-09T13:27:57","modified_gmt":"2025-10-09T11:27:57","slug":"kompost-futtern-de","status":"publish","type":"page","link":"https:\/\/klassefueralle.uni-ak.ac.at\/?page_id=9556","title":{"rendered":"compost feeding de"},"content":{"rendered":"\n<div class=\"wp-block-buttons alignfull is-horizontal is-content-justification-center is-layout-flex wp-container-core-buttons-is-layout-499968f5 wp-block-buttons-is-layout-flex\">\n<div class=\"wp-block-button is-style-fill\"><a class=\"wp-block-button__link has-primary-color has-background-background-color has-text-color has-background wp-element-button\" href=\"https:\/\/klassefueralle.uni-ak.ac.at\/\">\u00fcber kfA<\/a><\/div>\n\n\n\n<div class=\"wp-block-button\"><a class=\"wp-block-button__link has-background-background-color has-text-color has-background wp-element-button\" href=\"https:\/\/klassefueralle.uni-ak.ac.at\/?page_id=1554\" style=\"color:#fc2828\">kalender<\/a><\/div>\n\n\n\n<div class=\"wp-block-button\"><a class=\"wp-block-button__link has-background-background-color has-text-color has-background wp-element-button\" href=\"https:\/\/klassefueralle.uni-ak.ac.at\/?page_id=7636\" style=\"color:#29d639\">kompost tage<\/a><\/div>\n\n\n\n<div class=\"wp-block-button\"><a class=\"wp-block-button__link has-background-background-color has-text-color has-background wp-element-button\" href=\"https:\/\/klassefueralle.uni-ak.ac.at\/?page_id=9257\" style=\"color:#ba75ee\">skill sharing sessions<\/a><\/div>\n\n\n\n<div class=\"wp-block-button\"><a class=\"wp-block-button__link has-background-background-color has-text-color has-background wp-element-button\" href=\"https:\/\/klassefueralle.uni-ak.ac.at\/?page_id=9251\" style=\"color:#ad3107\">kooperationen<\/a><\/div>\n\n\n\n<div class=\"wp-block-button\"><a class=\"wp-block-button__link has-background-background-color has-text-color has-background has-link-color wp-element-button\" href=\"https:\/\/klassefueralle.uni-ak.ac.at\/?page_id=8338\" style=\"color:#ffb005\">jugend kooperationen<\/a><\/div>\n\n\n\n<div class=\"wp-block-button\"><a class=\"wp-block-button__link has-background-background-color has-text-color has-background wp-element-button\" href=\"https:\/\/klassefueralle.uni-ak.ac.at\/?page_id=7592\" style=\"color:#1896d0\">kollaborateur*innen<\/a><\/div>\n\n\n\n<div class=\"wp-block-button\"><a class=\"wp-block-button__link has-primary-color has-background-background-color has-text-color has-background wp-element-button\" href=\"https:\/\/klassefueralle.uni-ak.ac.at\/?page_id=387\">INFO<\/a><\/div>\n\n\n\n<div class=\"wp-block-button\"><a class=\"wp-block-button__link has-primary-color has-background-background-color has-text-color has-background wp-element-button\" href=\"https:\/\/klassefueralle.uni-ak.ac.at\/?page_id=7646\">archiv<\/a><\/div>\n\n\n\n<div class=\"wp-block-button is-style-fill\"><a class=\"wp-block-button__link has-primary-color has-background-background-color has-text-color has-background wp-element-button\" href=\"https:\/\/www.dieangewandte.at\/\">angewandte<\/a><\/div>\n\n\n\n<div class=\"wp-block-button\"><a class=\"wp-block-button__link has-primary-color has-background-background-color has-text-color has-background wp-element-button\" href=\"https:\/\/klassefueralle.uni-ak.ac.at\/?page_id=9533\">en<\/a><\/div>\n<\/div>\n\n\n\n<figure class=\"wp-block-image size-large\"><img loading=\"lazy\" decoding=\"async\" width=\"1024\" height=\"60\" src=\"https:\/\/klassefueralle.uni-ak.ac.at\/wp-content\/uploads\/2023\/05\/blank-1200x70-1-1024x60.jpg\" alt=\"\" class=\"wp-image-5435\" srcset=\"https:\/\/klassefueralle.uni-ak.ac.at\/wp-content\/uploads\/2023\/05\/blank-1200x70-1-1024x60.jpg 1024w, https:\/\/klassefueralle.uni-ak.ac.at\/wp-content\/uploads\/2023\/05\/blank-1200x70-1-300x18.jpg 300w, https:\/\/klassefueralle.uni-ak.ac.at\/wp-content\/uploads\/2023\/05\/blank-1200x70-1-768x45.jpg 768w, https:\/\/klassefueralle.uni-ak.ac.at\/wp-content\/uploads\/2023\/05\/blank-1200x70-1.jpg 1200w\" sizes=\"auto, (max-width: 1024px) 100vw, 1024px\" \/><\/figure>\n\n\n\n<h2 class=\"wp-block-heading\">Werde ein Kompost-F\u00fcrsorger in 4 Schritten<\/h2>\n\n\n\n<h5 class=\"wp-block-heading has-text-color has-link-color wp-elements-22ea6a8a603291b2c4e6868ae36a478a\" style=\"color:#29d639\"><strong>1. Hole dir einen K\u00fcbel<\/strong><\/h5>\n\n\n\n<h4 class=\"wp-block-heading\">Wie und wo bekommst du einen Kompostk\u00fcbel und Info-Zettel f\u00fcr die Gemeinschaftsk\u00fcchen?&nbsp;<\/h4>\n\n\n\n<p>&#8211; Studio der Klasse f\u00fcr Alle (Expositur Heiligenkreuzerhof A-1010 Wien, Eingang Sch\u00f6nlaterngasse 5 und dann links, oder Grashofgasse 3 und dann rechts in den kleinen Hof \/ Stiege 8 \/ Erdgescho\u00df)<\/p>\n\n\n\n<p class=\"has-foreground-color has-text-color has-link-color wp-elements-8d0634c1791543c88a52a8e6cc55e303\">&#8211; Oder komm vorbei bei einer <a href=\"https:\/\/klassefueralle.uni-ak.ac.at\/?page_id=7636\" data-type=\"link\" data-id=\"https:\/\/klassefueralle.uni-ak.ac.at\/?page_id=7636\">compost care sessions<\/a>!<\/p>\n\n\n\n<figure class=\"wp-block-image size-large\"><img loading=\"lazy\" decoding=\"async\" width=\"1024\" height=\"1024\" src=\"https:\/\/klassefueralle.uni-ak.ac.at\/wp-content\/uploads\/2025\/10\/website-pictures-1200x1200-2-1024x1024.jpg\" alt=\"\" class=\"wp-image-9591\" srcset=\"https:\/\/klassefueralle.uni-ak.ac.at\/wp-content\/uploads\/2025\/10\/website-pictures-1200x1200-2-1024x1024.jpg 1024w, https:\/\/klassefueralle.uni-ak.ac.at\/wp-content\/uploads\/2025\/10\/website-pictures-1200x1200-2-300x300.jpg 300w, https:\/\/klassefueralle.uni-ak.ac.at\/wp-content\/uploads\/2025\/10\/website-pictures-1200x1200-2-150x150.jpg 150w, https:\/\/klassefueralle.uni-ak.ac.at\/wp-content\/uploads\/2025\/10\/website-pictures-1200x1200-2-768x768.jpg 768w, https:\/\/klassefueralle.uni-ak.ac.at\/wp-content\/uploads\/2025\/10\/website-pictures-1200x1200-2.jpg 1200w\" sizes=\"auto, (max-width: 1024px) 100vw, 1024px\" \/><\/figure>\n\n\n\n<p>Wir empfehlen den Kompost-K\u00fcbel so zu platzieren, dass er leicht seh- und erreichbar ist. Platziere das Poster mit den \u201eDo\u00b4s\u201c and \u201eDon\u00b4ts\u201c \u00fcber oder neben den K\u00fcbel, damit m\u00fchelos erkennbar ist was kompostiert werden kann!&nbsp;<\/p>\n\n\n\n<p class=\"has-text-color has-link-color wp-elements-7c9264aabc274ef14e95a0b7eddb5d64\" style=\"color:#29d639\"><strong>2. Engagiere und Sammle&nbsp; <\/strong><\/p>\n\n\n\n<p>Motiviere deine Mitstudierenden den Kompost zu trennen und in den Kompostk\u00fcbel zu werfen um den lokalen Angewandten Komposthaufen zu f\u00fcttern!&nbsp;<\/p>\n\n\n\n<figure class=\"wp-block-image size-large\"><img loading=\"lazy\" decoding=\"async\" width=\"1024\" height=\"768\" src=\"https:\/\/klassefueralle.uni-ak.ac.at\/wp-content\/uploads\/2025\/10\/website-pictures-1200x900-2-1024x768.jpg\" alt=\"\" class=\"wp-image-9592\" srcset=\"https:\/\/klassefueralle.uni-ak.ac.at\/wp-content\/uploads\/2025\/10\/website-pictures-1200x900-2-1024x768.jpg 1024w, https:\/\/klassefueralle.uni-ak.ac.at\/wp-content\/uploads\/2025\/10\/website-pictures-1200x900-2-300x225.jpg 300w, https:\/\/klassefueralle.uni-ak.ac.at\/wp-content\/uploads\/2025\/10\/website-pictures-1200x900-2-768x576.jpg 768w, https:\/\/klassefueralle.uni-ak.ac.at\/wp-content\/uploads\/2025\/10\/website-pictures-1200x900-2.jpg 1200w\" sizes=\"auto, (max-width: 1024px) 100vw, 1024px\" \/><\/figure>\n\n\n\n<p>Wenn der K\u00fcbel voll wird, bring den Kompost-Abf\u00e4lle zu dem Komposthaufen am OKP.<\/p>\n\n\n\n<p>Der K\u00fcbel geh\u00f6rt etwa 2 Mal in der Woche ausgeleert \u2013 achtet darauf, dass sich kein Schimmel bildet! (diese Art von Pilze wollen wir nicht in den Gemeinschaftsk\u00fcchen!)&nbsp;<\/p>\n\n\n\n<h5 class=\"wp-block-heading has-text-color has-link-color wp-elements-d312727ff7ab0c5274a4a4d35d03df3d\" style=\"color:#29d639\"><strong>3. Bring es zum Komposthaufen&nbsp;<\/strong><\/h5>\n\n\n\n<h4 class=\"wp-block-heading\"><em>Wo befindet sich der Komposthaufen?&nbsp;<\/em><\/h4>\n\n\n\n<p>A-1010 Wien, Oskar-Kokoschka-Platz 2<\/p>\n\n\n\n<p>Nehmt den K\u00fcbel von der K\u00fcche mit euch und geht durch den Haupteingang vom OKP, gerade aus bis zu den T\u00fcren zum Innenhof. Dort geht man gerade aus bis der Kompost sich auf der rechten Seite befindet!<\/p>\n\n\n\n<figure class=\"wp-block-image size-large\"><img loading=\"lazy\" decoding=\"async\" width=\"1024\" height=\"935\" src=\"https:\/\/klassefueralle.uni-ak.ac.at\/wp-content\/uploads\/2025\/10\/map-2-1024x935.jpg\" alt=\"\" class=\"wp-image-9606\" srcset=\"https:\/\/klassefueralle.uni-ak.ac.at\/wp-content\/uploads\/2025\/10\/map-2-1024x935.jpg 1024w, https:\/\/klassefueralle.uni-ak.ac.at\/wp-content\/uploads\/2025\/10\/map-2-300x274.jpg 300w, https:\/\/klassefueralle.uni-ak.ac.at\/wp-content\/uploads\/2025\/10\/map-2-768x702.jpg 768w, https:\/\/klassefueralle.uni-ak.ac.at\/wp-content\/uploads\/2025\/10\/map-2.jpg 1340w\" sizes=\"auto, (max-width: 1024px) 100vw, 1024px\" \/><\/figure>\n\n\n\n<figure class=\"wp-block-image size-large\"><img loading=\"lazy\" decoding=\"async\" width=\"1024\" height=\"768\" src=\"https:\/\/klassefueralle.uni-ak.ac.at\/wp-content\/uploads\/2025\/10\/website-pictures-1200x9002-2-1024x768.jpg\" alt=\"\" class=\"wp-image-9596\" srcset=\"https:\/\/klassefueralle.uni-ak.ac.at\/wp-content\/uploads\/2025\/10\/website-pictures-1200x9002-2-1024x768.jpg 1024w, https:\/\/klassefueralle.uni-ak.ac.at\/wp-content\/uploads\/2025\/10\/website-pictures-1200x9002-2-300x225.jpg 300w, https:\/\/klassefueralle.uni-ak.ac.at\/wp-content\/uploads\/2025\/10\/website-pictures-1200x9002-2-768x576.jpg 768w, https:\/\/klassefueralle.uni-ak.ac.at\/wp-content\/uploads\/2025\/10\/website-pictures-1200x9002-2.jpg 1200w\" sizes=\"auto, (max-width: 1024px) 100vw, 1024px\" \/><\/figure>\n\n\n\n<p>Leere den Inhalt des K\u00fcbels auf den Komposthaufen und f\u00fcttere die Kompostw\u00fcrmer!&nbsp;<\/p>\n\n\n\n<figure class=\"wp-block-image size-large\"><img loading=\"lazy\" decoding=\"async\" width=\"1024\" height=\"768\" src=\"https:\/\/klassefueralle.uni-ak.ac.at\/wp-content\/uploads\/2025\/10\/website-pictures-1200x9003-2-1024x768.jpg\" alt=\"\" class=\"wp-image-9597\" srcset=\"https:\/\/klassefueralle.uni-ak.ac.at\/wp-content\/uploads\/2025\/10\/website-pictures-1200x9003-2-1024x768.jpg 1024w, https:\/\/klassefueralle.uni-ak.ac.at\/wp-content\/uploads\/2025\/10\/website-pictures-1200x9003-2-300x225.jpg 300w, https:\/\/klassefueralle.uni-ak.ac.at\/wp-content\/uploads\/2025\/10\/website-pictures-1200x9003-2-768x576.jpg 768w, https:\/\/klassefueralle.uni-ak.ac.at\/wp-content\/uploads\/2025\/10\/website-pictures-1200x9003-2.jpg 1200w\" sizes=\"auto, (max-width: 1024px) 100vw, 1024px\" \/><\/figure>\n\n\n\n<p>Pro-Tipp: um Fliegen zu vermeiden, decke den frischen Kompost mit Gras oder Bl\u00e4tter zu.<\/p>\n\n\n\n<h5 class=\"wp-block-heading has-text-color has-link-color wp-elements-6948b48800b7027ee36737c194c96328\" style=\"color:#29d639\"><strong>4. Aussp\u00fclen, Zur\u00fcckstellen, Wiederholen&nbsp;<\/strong><\/h5>\n\n\n\n<p>Um den K\u00fcbel auszusp\u00fclen, kannst du den Wasserhahn gegen\u00fcber im Innenhof verwenden. Das (Sp\u00fcl-)Wasser kann rund um den Komposth\u00fcgel auf die Pflanzen verteilt werden!<\/p>\n\n\n\n<figure class=\"wp-block-image size-large\"><img loading=\"lazy\" decoding=\"async\" width=\"1024\" height=\"768\" src=\"https:\/\/klassefueralle.uni-ak.ac.at\/wp-content\/uploads\/2025\/10\/website-pictures-1200x9004-2-1024x768.jpg\" alt=\"\" class=\"wp-image-9599\" srcset=\"https:\/\/klassefueralle.uni-ak.ac.at\/wp-content\/uploads\/2025\/10\/website-pictures-1200x9004-2-1024x768.jpg 1024w, https:\/\/klassefueralle.uni-ak.ac.at\/wp-content\/uploads\/2025\/10\/website-pictures-1200x9004-2-300x225.jpg 300w, https:\/\/klassefueralle.uni-ak.ac.at\/wp-content\/uploads\/2025\/10\/website-pictures-1200x9004-2-768x576.jpg 768w, https:\/\/klassefueralle.uni-ak.ac.at\/wp-content\/uploads\/2025\/10\/website-pictures-1200x9004-2.jpg 1200w\" sizes=\"auto, (max-width: 1024px) 100vw, 1024px\" \/><\/figure>\n\n\n\n<figure class=\"wp-block-image size-large\"><img loading=\"lazy\" decoding=\"async\" width=\"1024\" height=\"768\" src=\"https:\/\/klassefueralle.uni-ak.ac.at\/wp-content\/uploads\/2025\/10\/website-pictures-1200x9005-2-1024x768.jpg\" alt=\"\" class=\"wp-image-9600\" srcset=\"https:\/\/klassefueralle.uni-ak.ac.at\/wp-content\/uploads\/2025\/10\/website-pictures-1200x9005-2-1024x768.jpg 1024w, https:\/\/klassefueralle.uni-ak.ac.at\/wp-content\/uploads\/2025\/10\/website-pictures-1200x9005-2-300x225.jpg 300w, https:\/\/klassefueralle.uni-ak.ac.at\/wp-content\/uploads\/2025\/10\/website-pictures-1200x9005-2-768x576.jpg 768w, https:\/\/klassefueralle.uni-ak.ac.at\/wp-content\/uploads\/2025\/10\/website-pictures-1200x9005-2.jpg 1200w\" sizes=\"auto, (max-width: 1024px) 100vw, 1024px\" \/><\/figure>\n\n\n\n<p>Letztes ToDo: K\u00fcbel zur\u00fcck in die K\u00fcche stellen und den Prozess von vorne beginnen!<\/p>\n\n\n\n<p>Danke, dass ihr mithelft, das M\u00fcllsystem an der Angewandten zu bessern!<\/p>\n\n\n\n<figure class=\"wp-block-image size-large is-resized\"><img loading=\"lazy\" decoding=\"async\" width=\"1024\" height=\"60\" src=\"https:\/\/klassefueralle.uni-ak.ac.at\/wp-content\/uploads\/2023\/05\/blank-1200x70-1-1024x60.jpg\" alt=\"\" class=\"wp-image-5435\" style=\"width:620px;height:36px\" srcset=\"https:\/\/klassefueralle.uni-ak.ac.at\/wp-content\/uploads\/2023\/05\/blank-1200x70-1-1024x60.jpg 1024w, https:\/\/klassefueralle.uni-ak.ac.at\/wp-content\/uploads\/2023\/05\/blank-1200x70-1-300x18.jpg 300w, https:\/\/klassefueralle.uni-ak.ac.at\/wp-content\/uploads\/2023\/05\/blank-1200x70-1-768x45.jpg 768w, https:\/\/klassefueralle.uni-ak.ac.at\/wp-content\/uploads\/2023\/05\/blank-1200x70-1.jpg 1200w\" sizes=\"auto, (max-width: 1024px) 100vw, 1024px\" \/><\/figure>\n\n\n\n<figure class=\"wp-block-image size-large is-resized\"><img loading=\"lazy\" decoding=\"async\" width=\"1024\" height=\"60\" src=\"https:\/\/klassefueralle.uni-ak.ac.at\/wp-content\/uploads\/2023\/05\/blank-1200x70-1-1024x60.jpg\" alt=\"\" class=\"wp-image-5435\" style=\"width:620px;height:36px\" srcset=\"https:\/\/klassefueralle.uni-ak.ac.at\/wp-content\/uploads\/2023\/05\/blank-1200x70-1-1024x60.jpg 1024w, https:\/\/klassefueralle.uni-ak.ac.at\/wp-content\/uploads\/2023\/05\/blank-1200x70-1-300x18.jpg 300w, https:\/\/klassefueralle.uni-ak.ac.at\/wp-content\/uploads\/2023\/05\/blank-1200x70-1-768x45.jpg 768w, https:\/\/klassefueralle.uni-ak.ac.at\/wp-content\/uploads\/2023\/05\/blank-1200x70-1.jpg 1200w\" sizes=\"auto, (max-width: 1024px) 100vw, 1024px\" \/><\/figure>\n\n\n\n<figure class=\"wp-block-image size-large is-resized\"><img loading=\"lazy\" decoding=\"async\" width=\"1024\" height=\"60\" src=\"https:\/\/klassefueralle.uni-ak.ac.at\/wp-content\/uploads\/2023\/05\/blank-1200x70-1-1024x60.jpg\" alt=\"\" class=\"wp-image-5435\" style=\"width:620px;height:36px\" srcset=\"https:\/\/klassefueralle.uni-ak.ac.at\/wp-content\/uploads\/2023\/05\/blank-1200x70-1-1024x60.jpg 1024w, https:\/\/klassefueralle.uni-ak.ac.at\/wp-content\/uploads\/2023\/05\/blank-1200x70-1-300x18.jpg 300w, https:\/\/klassefueralle.uni-ak.ac.at\/wp-content\/uploads\/2023\/05\/blank-1200x70-1-768x45.jpg 768w, https:\/\/klassefueralle.uni-ak.ac.at\/wp-content\/uploads\/2023\/05\/blank-1200x70-1.jpg 1200w\" sizes=\"auto, (max-width: 1024px) 100vw, 1024px\" \/><\/figure>\n\n\n\n<figure class=\"wp-block-image size-large\"><img loading=\"lazy\" decoding=\"async\" width=\"1024\" height=\"60\" src=\"https:\/\/klassefueralle.uni-ak.ac.at\/wp-content\/uploads\/2023\/05\/blank-1200x70-1-1024x60.jpg\" alt=\"\" class=\"wp-image-5435\" srcset=\"https:\/\/klassefueralle.uni-ak.ac.at\/wp-content\/uploads\/2023\/05\/blank-1200x70-1-1024x60.jpg 1024w, https:\/\/klassefueralle.uni-ak.ac.at\/wp-content\/uploads\/2023\/05\/blank-1200x70-1-300x18.jpg 300w, https:\/\/klassefueralle.uni-ak.ac.at\/wp-content\/uploads\/2023\/05\/blank-1200x70-1-768x45.jpg 768w, https:\/\/klassefueralle.uni-ak.ac.at\/wp-content\/uploads\/2023\/05\/blank-1200x70-1.jpg 1200w\" sizes=\"auto, (max-width: 1024px) 100vw, 1024px\" \/><\/figure>\n\n\n\n<figure class=\"wp-block-image size-large\"><img loading=\"lazy\" decoding=\"async\" width=\"1024\" height=\"60\" src=\"https:\/\/klassefueralle.uni-ak.ac.at\/wp-content\/uploads\/2023\/05\/blank-1200x70-1-1024x60.jpg\" alt=\"\" class=\"wp-image-5435\" srcset=\"https:\/\/klassefueralle.uni-ak.ac.at\/wp-content\/uploads\/2023\/05\/blank-1200x70-1-1024x60.jpg 1024w, https:\/\/klassefueralle.uni-ak.ac.at\/wp-content\/uploads\/2023\/05\/blank-1200x70-1-300x18.jpg 300w, https:\/\/klassefueralle.uni-ak.ac.at\/wp-content\/uploads\/2023\/05\/blank-1200x70-1-768x45.jpg 768w, https:\/\/klassefueralle.uni-ak.ac.at\/wp-content\/uploads\/2023\/05\/blank-1200x70-1.jpg 1200w\" sizes=\"auto, (max-width: 1024px) 100vw, 1024px\" \/><\/figure>\n\n\n\n<figure class=\"wp-block-image size-large\"><img loading=\"lazy\" decoding=\"async\" width=\"1024\" height=\"60\" src=\"https:\/\/klassefueralle.uni-ak.ac.at\/wp-content\/uploads\/2023\/05\/blank-1200x70-1-1024x60.jpg\" alt=\"\" class=\"wp-image-5435\" srcset=\"https:\/\/klassefueralle.uni-ak.ac.at\/wp-content\/uploads\/2023\/05\/blank-1200x70-1-1024x60.jpg 1024w, https:\/\/klassefueralle.uni-ak.ac.at\/wp-content\/uploads\/2023\/05\/blank-1200x70-1-300x18.jpg 300w, https:\/\/klassefueralle.uni-ak.ac.at\/wp-content\/uploads\/2023\/05\/blank-1200x70-1-768x45.jpg 768w, https:\/\/klassefueralle.uni-ak.ac.at\/wp-content\/uploads\/2023\/05\/blank-1200x70-1.jpg 1200w\" sizes=\"auto, (max-width: 1024px) 100vw, 1024px\" \/><\/figure>\n\n\n\n<figure class=\"wp-block-image size-large\"><img loading=\"lazy\" decoding=\"async\" width=\"1024\" height=\"60\" src=\"https:\/\/klassefueralle.uni-ak.ac.at\/wp-content\/uploads\/2023\/05\/blank-1200x70-1-1024x60.jpg\" alt=\"\" class=\"wp-image-5435\" srcset=\"https:\/\/klassefueralle.uni-ak.ac.at\/wp-content\/uploads\/2023\/05\/blank-1200x70-1-1024x60.jpg 1024w, https:\/\/klassefueralle.uni-ak.ac.at\/wp-content\/uploads\/2023\/05\/blank-1200x70-1-300x18.jpg 300w, https:\/\/klassefueralle.uni-ak.ac.at\/wp-content\/uploads\/2023\/05\/blank-1200x70-1-768x45.jpg 768w, https:\/\/klassefueralle.uni-ak.ac.at\/wp-content\/uploads\/2023\/05\/blank-1200x70-1.jpg 1200w\" sizes=\"auto, (max-width: 1024px) 100vw, 1024px\" \/><\/figure>\n\n\n\n<figure class=\"wp-block-image size-large\"><img loading=\"lazy\" decoding=\"async\" width=\"1024\" height=\"60\" src=\"https:\/\/klassefueralle.uni-ak.ac.at\/wp-content\/uploads\/2023\/05\/blank-1200x70-1-1024x60.jpg\" alt=\"\" class=\"wp-image-5435\" srcset=\"https:\/\/klassefueralle.uni-ak.ac.at\/wp-content\/uploads\/2023\/05\/blank-1200x70-1-1024x60.jpg 1024w, https:\/\/klassefueralle.uni-ak.ac.at\/wp-content\/uploads\/2023\/05\/blank-1200x70-1-300x18.jpg 300w, https:\/\/klassefueralle.uni-ak.ac.at\/wp-content\/uploads\/2023\/05\/blank-1200x70-1-768x45.jpg 768w, https:\/\/klassefueralle.uni-ak.ac.at\/wp-content\/uploads\/2023\/05\/blank-1200x70-1.jpg 1200w\" sizes=\"auto, (max-width: 1024px) 100vw, 1024px\" \/><\/figure>\n\n\n\n<figure class=\"wp-block-image size-large\"><img loading=\"lazy\" decoding=\"async\" width=\"1024\" height=\"60\" src=\"https:\/\/klassefueralle.uni-ak.ac.at\/wp-content\/uploads\/2023\/05\/blank-1200x70-1-1024x60.jpg\" alt=\"\" class=\"wp-image-5435\" srcset=\"https:\/\/klassefueralle.uni-ak.ac.at\/wp-content\/uploads\/2023\/05\/blank-1200x70-1-1024x60.jpg 1024w, https:\/\/klassefueralle.uni-ak.ac.at\/wp-content\/uploads\/2023\/05\/blank-1200x70-1-300x18.jpg 300w, https:\/\/klassefueralle.uni-ak.ac.at\/wp-content\/uploads\/2023\/05\/blank-1200x70-1-768x45.jpg 768w, https:\/\/klassefueralle.uni-ak.ac.at\/wp-content\/uploads\/2023\/05\/blank-1200x70-1.jpg 1200w\" sizes=\"auto, (max-width: 1024px) 100vw, 1024px\" \/><\/figure>\n","protected":false},"excerpt":{"rendered":"<p>Werde ein Kompost-F\u00fcrsorger in 4 Schritten 1. Hole dir einen K\u00fcbel Wie und wo bekommst du einen Kompostk\u00fcbel und Info-Zettel f\u00fcr die Gemeinschaftsk\u00fcchen?&nbsp; &#8211; Studio der Klasse f\u00fcr Alle (Expositur<a class=\"more-link\" href=\"https:\/\/klassefueralle.uni-ak.ac.at\/?page_id=9556\">Continue reading <span class=\"screen-reader-text\">&#8220;compost feeding de&#8221;<\/span><\/a><\/p>\n","protected":false},"author":1,"featured_media":0,"parent":0,"menu_order":0,"comment_status":"closed","ping_status":"closed","template":"","meta":{"footnotes":""},"class_list":["post-9556","page","type-page","status-publish","hentry","entry"],"_links":{"self":[{"href":"https:\/\/klassefueralle.uni-ak.ac.at\/index.php?rest_route=\/wp\/v2\/pages\/9556","targetHints":{"allow":["GET"]}}],"collection":[{"href":"https:\/\/klassefueralle.uni-ak.ac.at\/index.php?rest_route=\/wp\/v2\/pages"}],"about":[{"href":"https:\/\/klassefueralle.uni-ak.ac.at\/index.php?rest_route=\/wp\/v2\/types\/page"}],"author":[{"embeddable":true,"href":"https:\/\/klassefueralle.uni-ak.ac.at\/index.php?rest_route=\/wp\/v2\/users\/1"}],"replies":[{"embeddable":true,"href":"https:\/\/klassefueralle.uni-ak.ac.at\/index.php?rest_route=%2Fwp%2Fv2%2Fcomments&post=9556"}],"version-history":[{"count":13,"href":"https:\/\/klassefueralle.uni-ak.ac.at\/index.php?rest_route=\/wp\/v2\/pages\/9556\/revisions"}],"predecessor-version":[{"id":9642,"href":"https:\/\/klassefueralle.uni-ak.ac.at\/index.php?rest_route=\/wp\/v2\/pages\/9556\/revisions\/9642"}],"wp:attachment":[{"href":"https:\/\/klassefueralle.uni-ak.ac.at\/index.php?rest_route=%2Fwp%2Fv2%2Fmedia&parent=9556"}],"curies":[{"name":"wp","href":"https:\/\/api.w.org\/{rel}","templated":true}]}}